{"id":406,"date":"2022-04-22T10:52:52","date_gmt":"2022-04-22T07:52:52","guid":{"rendered":"http:\/\/216.250.13.176\/?page_id=406"},"modified":"2024-07-11T16:48:52","modified_gmt":"2024-07-11T13:48:52","slug":"sahadatnamany-almak-ucin-arza-bermek","status":"publish","type":"page","link":"https:\/\/dsgg.com.tm\/index.php\/sahadatnamany-almak-ucin-arza-bermek\/","title":{"rendered":"\u015eahadatnamany almak \u00fc\u00e7in arza bermek\u200b"},"content":{"rendered":"\t\t<div data-elementor-type=\"wp-page\" data-elementor-id=\"406\" class=\"elementor elementor-406\" data-elementor-settings=\"[]\">\n\t\t\t\t\t\t<div class=\"elementor-inner\">\n\t\t\t\t\t\t\t<div class=\"elementor-section-wrap\">\n\t\t\t\t\t\t\t<section class=\"elementor-section elementor-top-section elementor-element elementor-element-a95b023 elementor-section-boxed elementor-section-height-default elementor-section-height-default\" data-id=\"a95b023\" data-element_type=\"section\">\n\t\t\t\t\t\t<div class=\"elementor-container elementor-column-gap-default\">\n\t\t\t\t\t\t\t<div class=\"elementor-row\">\n\t\t\t\t\t<div class=\"elementor-column elementor-col-100 elementor-top-column elementor-element elementor-element-2dcefda\" data-id=\"2dcefda\" data-element_type=\"column\">\n\t\t\t<div class=\"elementor-column-wrap elementor-element-populated\">\n\t\t\t\t\t\t\t<div class=\"elementor-widget-wrap\">\n\t\t\t\t\t\t<div class=\"elementor-element elementor-element-489bf99 elementor-widget elementor-widget-heading\" data-id=\"489bf99\" data-element_type=\"widget\" data-widget_type=\"heading.default\">\n\t\t\t\t<div class=\"elementor-widget-container\">\n\t\t\t<h2 class=\"elementor-heading-title elementor-size-default\">\u015eahadatnamany almak \u00fc\u00e7in arza bermek<\/h2>\t\t<\/div>\n\t\t\t\t<\/div>\n\t\t\t\t\t\t<\/div>\n\t\t\t\t\t<\/div>\n\t\t<\/div>\n\t\t\t\t\t\t\t\t<\/div>\n\t\t\t\t\t<\/div>\n\t\t<\/section>\n\t\t\t\t<section class=\"elementor-section elementor-top-section elementor-element elementor-element-44ba3f5 elementor-section-boxed elementor-section-height-default elementor-section-height-default\" data-id=\"44ba3f5\" data-element_type=\"section\">\n\t\t\t\t\t\t<div class=\"elementor-container elementor-column-gap-default\">\n\t\t\t\t\t\t\t<div class=\"elementor-row\">\n\t\t\t\t\t<div class=\"elementor-column elementor-col-100 elementor-top-column elementor-element elementor-element-68aafb1\" data-id=\"68aafb1\" data-element_type=\"column\">\n\t\t\t<div class=\"elementor-column-wrap elementor-element-populated\">\n\t\t\t\t\t\t\t<div class=\"elementor-widget-wrap\">\n\t\t\t\t\t\t<div class=\"elementor-element elementor-element-a3579d1 elementor-button-align-stretch elementor-widget elementor-widget-form\" data-id=\"a3579d1\" data-element_type=\"widget\" data-widget_type=\"form.default\">\n\t\t\t\t<div class=\"elementor-widget-container\">\n\t\t\t\t\t<form class=\"elementor-form\" method=\"post\" name=\"New Form\">\n\t\t\t<input type=\"hidden\" name=\"post_id\" value=\"406\"\/>\n\t\t\t<input type=\"hidden\" name=\"form_id\" value=\"a3579d1\"\/>\n\n\t\t\t\n\t\t\t<div class=\"elementor-form-fields-wrapper elementor-labels-above\">\n\t\t\t\t\t\t\t\t<div class=\"elementor-field-type-text elementor-field-group elementor-column elementor-field-group-name elementor-col-100 elementor-field-required\">\n\t\t\t\t\t<input size=\"1\" type=\"text\" name=\"form_fields[name]\" id=\"form-field-name\" class=\"elementor-field elementor-size-xl  elementor-field-textual\" placeholder=\"Ady\u0148yz\" required=\"required\" aria-required=\"true\">\t\t\t\t<\/div>\n\t\t\t\t\t\t\t\t<div class=\"elementor-field-type-email elementor-field-group elementor-column elementor-field-group-email elementor-col-100 elementor-field-required\">\n\t\t\t\t\t<input size=\"1\" type=\"email\" name=\"form_fields[email]\" id=\"form-field-email\" class=\"elementor-field elementor-size-xl  elementor-field-textual\" placeholder=\"E-mail\" required=\"required\" aria-required=\"true\">\t\t\t\t<\/div>\n\t\t\t\t\t\t\t\t<div class=\"elementor-field-type-number elementor-field-group elementor-column elementor-field-group-field_8ccb8f3 elementor-col-100 elementor-field-required\">\n\t\t\t\t\t<label for=\"form-field-field_8ccb8f3\" class=\"elementor-field-label\">Telefon belgi\u0148iz<\/label><input type=\"number\" name=\"form_fields[field_8ccb8f3]\" id=\"form-field-field_8ccb8f3\" class=\"elementor-field elementor-size-xl  elementor-field-textual\" placeholder=\"+993\" required=\"required\" aria-required=\"true\" min=\"\" max=\"\">\t\t\t\t<\/div>\n\t\t\t\t\t\t\t\t<div class=\"elementor-field-type-text elementor-field-group elementor-column elementor-field-group-field_42ef040 elementor-col-100 elementor-field-required\">\n\t\t\t\t\t<input size=\"1\" type=\"text\" name=\"form_fields[field_42ef040]\" id=\"form-field-field_42ef040\" class=\"elementor-field elementor-size-xl  elementor-field-textual\" placeholder=\"Edara\u0148 doly ady\" required=\"required\" aria-required=\"true\">\t\t\t\t<\/div>\n\t\t\t\t\t\t\t\t<div class=\"elementor-field-type-text elementor-field-group elementor-column elementor-field-group-field_684675a elementor-col-100 elementor-field-required\">\n\t\t\t\t\t<input size=\"1\" type=\"text\" name=\"form_fields[field_684675a]\" id=\"form-field-field_684675a\" class=\"elementor-field elementor-size-xl  elementor-field-textual\" placeholder=\"\u015eahadatnamany\u0148 belgisi\" required=\"required\" aria-required=\"true\">\t\t\t\t<\/div>\n\t\t\t\t\t\t\t\t<div class=\"elementor-field-type-textarea elementor-field-group elementor-column elementor-field-group-message elementor-col-100\">\n\t\t\t\t\t<textarea class=\"elementor-field-textual elementor-field  elementor-size-xl\" name=\"form_fields[message]\" id=\"form-field-message\" rows=\"4\" placeholder=\"Go\u015fma\u00e7a maglumat\"><\/textarea>\t\t\t\t<\/div>\n\t\t\t\t\t\t\t\t<div class=\"elementor-field-type-upload elementor-field-group elementor-column elementor-field-group-field_fa96a9e elementor-col-100 elementor-field-required\">\n\t\t\t\t\t<input type=\"file\" name=\"form_fields[field_fa96a9e][]\" id=\"form-field-field_fa96a9e\" class=\"elementor-field elementor-size-xl  elementor-upload-field\" required=\"required\" aria-required=\"true\" multiple=\"multiple\" data-maxsize=\"128\" data-maxsize-message=\"This file exceeds the maximum allowed size.\">\t\t\t\t<\/div>\n\t\t\t\t\t\t\t\t<div class=\"elementor-field-group elementor-column elementor-field-type-submit elementor-col-100\">\n\t\t\t\t\t<button type=\"submit\" class=\"elementor-button elementor-size-sm\">\n\t\t\t\t\t\t<span >\n\t\t\t\t\t\t\t\t\t\t\t\t\t\t\t<span class=\" elementor-button-icon\">\n\t\t\t\t\t\t\t\t\t\t\t\t\t\t\t\t\t\t\t\t\t\t\t\t\t\t<\/span>\n\t\t\t\t\t\t\t\t\t\t\t\t\t\t\t\t\t\t\t\t\t\t<span class=\"elementor-button-text\">Ibermek<\/span>\n\t\t\t\t\t\t\t\t\t\t\t\t\t<\/span>\n\t\t\t\t\t<\/button>\n\t\t\t\t<\/div>\n\t\t\t<\/div>\n\t\t<\/form>\n\t\t\t\t<\/div>\n\t\t\t\t<\/div>\n\t\t\t\t\t\t<\/div>\n\t\t\t\t\t<\/div>\n\t\t<\/div>\n\t\t\t\t\t\t\t\t<\/div>\n\t\t\t\t\t<\/div>\n\t\t<\/section>\n\t\t\t\t\t\t<\/div>\n\t\t\t\t\t\t<\/div>\n\t\t\t\t\t<\/div>\n\t\t","protected":false},"excerpt":{"rendered":"<p>\u015eahadatnamany almak \u00fc\u00e7in arza bermek<\/p>\n","protected":false},"author":1,"featured_media":0,"parent":0,"menu_order":0,"comment_status":"closed","ping_status":"closed","template":"page-templates\/template-pagebuilder-full-width.php","meta":{"neve_meta_sidebar":"full-width","neve_meta_container":"","neve_meta_enable_content_width":"on","neve_meta_content_width":100,"neve_meta_title_alignment":"","neve_meta_author_avatar":"","neve_post_elements_order":"","neve_meta_disable_header":"","neve_meta_disable_footer":"","neve_meta_disable_title":"","footnotes":""},"_links":{"self":[{"href":"https:\/\/dsgg.com.tm\/index.php\/wp-json\/wp\/v2\/pages\/406"}],"collection":[{"href":"https:\/\/dsgg.com.tm\/index.php\/wp-json\/wp\/v2\/pages"}],"about":[{"href":"https:\/\/dsgg.com.tm\/index.php\/wp-json\/wp\/v2\/types\/page"}],"author":[{"embeddable":true,"href":"https:\/\/dsgg.com.tm\/index.php\/wp-json\/wp\/v2\/users\/1"}],"replies":[{"embeddable":true,"href":"https:\/\/dsgg.com.tm\/index.php\/wp-json\/wp\/v2\/comments?post=406"}],"version-history":[{"count":19,"href":"https:\/\/dsgg.com.tm\/index.php\/wp-json\/wp\/v2\/pages\/406\/revisions"}],"predecessor-version":[{"id":568,"href":"https:\/\/dsgg.com.tm\/index.php\/wp-json\/wp\/v2\/pages\/406\/revisions\/568"}],"wp:attachment":[{"href":"https:\/\/dsgg.com.tm\/index.php\/wp-json\/wp\/v2\/media?parent=406"}],"curies":[{"name":"wp","href":"https:\/\/api.w.org\/{rel}","templated":true}]}}