{"id":319,"date":"2022-04-15T10:33:31","date_gmt":"2022-04-15T07:33:31","guid":{"rendered":"http:\/\/216.250.13.176\/?page_id=319"},"modified":"2024-07-11T15:51:38","modified_gmt":"2024-07-11T12:51:38","slug":"ygtyyarnama-taze","status":"publish","type":"page","link":"https:\/\/dsgg.com.tm\/index.php\/ygtyyarnama-taze\/","title":{"rendered":"Ygty\u00fdarnamany almak \u00fc\u00e7in arza bermek formasy"},"content":{"rendered":"\t\t<div data-elementor-type=\"wp-page\" data-elementor-id=\"319\" class=\"elementor elementor-319\" data-elementor-settings=\"[]\">\n\t\t\t\t\t\t<div class=\"elementor-inner\">\n\t\t\t\t\t\t\t<div class=\"elementor-section-wrap\">\n\t\t\t\t\t\t\t<section class=\"elementor-section elementor-top-section elementor-element elementor-element-1deb09e elementor-section-boxed elementor-section-height-default elementor-section-height-default\" data-id=\"1deb09e\" data-element_type=\"section\">\n\t\t\t\t\t\t<div class=\"elementor-container elementor-column-gap-default\">\n\t\t\t\t\t\t\t<div class=\"elementor-row\">\n\t\t\t\t\t<div class=\"elementor-column elementor-col-100 elementor-top-column elementor-element elementor-element-0b74b32\" data-id=\"0b74b32\" data-element_type=\"column\">\n\t\t\t<div class=\"elementor-column-wrap elementor-element-populated\">\n\t\t\t\t\t\t\t<div class=\"elementor-widget-wrap\">\n\t\t\t\t\t\t<div class=\"elementor-element elementor-element-dcb2452 elementor-widget elementor-widget-heading\" data-id=\"dcb2452\" data-element_type=\"widget\" data-widget_type=\"heading.default\">\n\t\t\t\t<div class=\"elementor-widget-container\">\n\t\t\t<h2 class=\"elementor-heading-title elementor-size-default\">Ygty\u00fdarnamany almak \u00fc\u00e7in arza bermek<\/h2>\t\t<\/div>\n\t\t\t\t<\/div>\n\t\t\t\t\t\t<\/div>\n\t\t\t\t\t<\/div>\n\t\t<\/div>\n\t\t\t\t\t\t\t\t<\/div>\n\t\t\t\t\t<\/div>\n\t\t<\/section>\n\t\t\t\t<section class=\"elementor-section elementor-top-section elementor-element elementor-element-d283977 elementor-section-boxed elementor-section-height-default elementor-section-height-default\" data-id=\"d283977\" data-element_type=\"section\">\n\t\t\t\t\t\t<div class=\"elementor-container elementor-column-gap-default\">\n\t\t\t\t\t\t\t<div class=\"elementor-row\">\n\t\t\t\t\t<div class=\"elementor-column elementor-col-100 elementor-top-column elementor-element elementor-element-3def8ab\" data-id=\"3def8ab\" data-element_type=\"column\">\n\t\t\t<div class=\"elementor-column-wrap elementor-element-populated\">\n\t\t\t\t\t\t\t<div class=\"elementor-widget-wrap\">\n\t\t\t\t\t\t<div class=\"elementor-element elementor-element-4f012b9 elementor-widget elementor-widget-accordion\" data-id=\"4f012b9\" data-element_type=\"widget\" data-widget_type=\"accordion.default\">\n\t\t\t\t<div class=\"elementor-widget-container\">\n\t\t\t\t\t<div class=\"elementor-accordion\" role=\"tablist\">\n\t\t\t\t\t\t\t<div class=\"elementor-accordion-item\">\n\t\t\t\t\t<div id=\"elementor-tab-title-8281\" class=\"elementor-tab-title\" data-tab=\"1\" role=\"tab\" aria-controls=\"elementor-tab-content-8281\">\n\t\t\t\t\t\t\t\t\t\t\t\t\t<span class=\"elementor-accordion-icon elementor-accordion-icon-left\" aria-hidden=\"true\">\n\t\t\t\t\t\t\t\t\t\t\t\t\t\t\t<span class=\"elementor-accordion-icon-closed\"><i class=\"fas fa-angle-double-down\"><\/i><\/span>\n\t\t\t\t\t\t\t\t<span class=\"elementor-accordion-icon-opened\"><i class=\"fas fa-angle-up\"><\/i><\/span>\n\t\t\t\t\t\t\t\t\t\t\t\t\t\t<\/span>\n\t\t\t\t\t\t\t\t\t\t\t\t<a class=\"elementor-accordion-title\" href=\"\">18-nji madda. S\u00f6wda ob\u00fdektleri tarapyndan alkogolly \u00f6n\u00fcmleri\u0148\u00a0b\u00f6lek-satuw s\u00f6wdasyna bildiril\u00fd\u00e4n talaplar<\/a>\n\t\t\t\t\t<\/div>\n\t\t\t\t\t<div id=\"elementor-tab-content-8281\" class=\"elementor-tab-content elementor-clearfix\" data-tab=\"1\" role=\"tabpanel\" aria-labelledby=\"elementor-tab-title-8281\"><p><span style=\"color: #ff0000;\">\u015eulara alkogolly \u00f6n\u00fcmleri\u0148\u00a0b\u00f6lek-satuw s\u00f6wdasyny etm\u00e4ge \u00fdol berilme\u00fd\u00e4r:<\/span><\/p><p><span style=\"color: #ff0000;\">1) bilim edaralaryny\u0148\u00a0(\u015fol sanda bilim edaralary\u0148\u00a0umumy \u00fda\u015fa\u00fdy\u015f\u00a0ja\u00fdlaryny\u0148) \u00e7\u00e4ginde we e\u00fde\u00e7iliginde, ygty\u00fdarlygynda we (\u00fda-da) pe\u00fddalanmagynda duran, olary\u0148\u00a0\u00e7\u00e4klerinden \u00fd\u00fcz metrden az bolan aralykdaky ja\u00fdlarda \u00fderle\u015f\u00fd\u00e4n s\u00f6wda ob\u00fdektlerine.\u00a0\u015eu bentde bellenen gadagan etme sagat on sekizden so\u0148\u00a0(mu\u0148a i\u015flenilme\u00fd\u00e4n ba\u00fdram\u00e7ylyk we \u00fdek\u015fenbe g\u00fcnleri degi\u015fli d\u00e4ldir), jemgy\u00fdet\u00e7ilik i\u00fdmiti hyzmatlaryny\u0148\u00a0edilmegi \u00fc\u00e7in, olary\u0148\u00a0\u00e7\u00e4ginden \u00fdigrimi b\u00e4\u015f\u00a0metrden az bolmadyk aralykda amala a\u015fyryl\u00fdan alkogolly \u00f6n\u00fcmleri\u0148\u00a0b\u00f6lek-satuw s\u00f6wdasyna degi\u015fli d\u00e4ldir.<\/span><\/p><p><span style=\"color: #ff0000;\">2) bedenterbi\u00fde-sagaldy\u015f\u00a0we sport ob\u00fdektlerini\u0148, saglygy gora\u00fdy\u015f\u00a0edaralaryny\u0148\u00a0(\u015fol sanda\u00a0\u015fypahanalary\u0148) we medeni\u00fdet edaralaryny\u0148\u00e7\u00e4ginde we ja\u00fdlarynda, g\u00f6rkezilen edaralary\u0148\u00a0\u00fdanyndaky jemgy\u00fdet\u00e7ilik i\u00fdmiti k\u00e4rhanalarynda,\u00a0\u015fe\u00fdle hem \u00e7aga i\u00fdmiti \u00f6n\u00fcmlerini \u00fderlemekde \u00fd\u00f6ritele\u015fdirilen jemgy\u00fdet\u00e7ilik i\u00fdmiti k\u00e4rhanalarynda \u00fderle\u015f\u00fd\u00e4n s\u00f6wda ob\u00fdektlerine;<\/span><\/p><p><span style=\"color: #ff0000;\">3) harby maksatly ob\u00fdektleri\u0148\u00a0\u00e7\u00e4klerinde we ja\u00fdlarynda \u00fderle\u015f\u00fd\u00e4n s\u00f6wda ob\u00fdektlerine;<\/span><\/p><p><span style=\"color: #ff0000;\">4) jemgy\u00fdet\u00e7ilik i\u00fdmiti ob\u00fdektlerinde,\u00a0\u015fol sanda wagon-restoranlarda (wagon-kafelerde, wagon-bufetlerde, wagon-barlarda),\u00a0\u015fe\u00fdle hem de\u0148iz g\u00e4milerinde we i\u00e7erki \u00fd\u00fcz\u00fc\u015f\u00a0g\u00e4milerinde, howa g\u00e4milerinde;<\/span><\/p><p><span style=\"color: #ff0000;\">5) g\u00f6\u00e7\u00fcrip bol\u00fdan s\u00f6wda ob\u00fdektlerinde,\u00a0\u015fe\u00fdle hem alkogolly \u00f6n\u00fcmleri\u0148\u00a0s\u00f6wdasy \u00fc\u00e7in bellenilmedik \u00fderlerde;<\/span><\/p><p><span style=\"color: #ff0000;\">6) bedenterbi\u00fde-sagaldy\u015f\u00a0we sport ob\u00fdektlerinden, saglygy gora\u00fdy\u015f\u00a0edaralaryndan we medeni\u00fdet edaralaryndan, menzillerden, demir \u00fdol platformalaryndan, howa menzillerinden, de\u0148iz we der\u00fda portlaryndan, ulag \u00fdangy\u00e7 gu\u00fdu\u015f\u00a0beketlerinden, harby maksatly ob\u00fdektlerden \u00fdigrimi b\u00e4\u015f\u00a0metre \u00e7enli aralykda \u00fderle\u015f\u00fd\u00e4n s\u00f6wda ob\u00fdektlerine.\u00a0\u015eu bentde we\u00a0\u015fu maddany\u0148\u00a0birinji bendinde bellenen aralygy kesgitlemek T\u00fcrkmenistany\u0148\u00a0kadala\u015fdyryjy hukuk namalaryna la\u00fdyklykda amala a\u015fyryl\u00fdar;<\/span><\/p><p><span style=\"color: #ff0000;\">7) \u00e7aga i\u00fdmiti \u00f6n\u00fcmlerini\u0148\u00a0s\u00f6wdasyny amala a\u015fyr\u00fdan k\u00f6pugurly s\u00f6wda ob\u00fdektlerini\u0148\u00a0b\u00f6l\u00fcmlerinde;<\/span><\/p><p><span style=\"color: #ff0000;\">8) \u00fd\u00f6ritele\u015fdirilen s\u00f6wda ob\u00fdektleri,\u00a0\u015fe\u00fdle hem \u00e7aga \u00fda-da sport harytlaryny\u0148\u00a0s\u00f6wdasyny amala a\u015fyr\u00fdan k\u00f6pugurly s\u00f6wda ob\u00fdektlerini\u0148b\u00f6l\u00fcmleri arkaly;<\/span><\/p><p><span style=\"color: #ff0000;\">9) g\u00f6\u00e7me s\u00f6wda ulgamy arkaly (awtoma\u015fynlardan, tirkeglerden, tele\u017ekalardan we be\u00fdleki ulag seri\u015fdelerinden), \u00fcst\u00fcne eltip beril\u00fd\u00e4n, elden satyl\u00fdan, islendik \u00fdasama lotoklardan we tekjelerden (k\u00f6\u00e7elerde, howlularda, ja\u00fdlarda);<\/span><\/p><p><span style=\"color: #ff0000;\">10) ownuk-b\u00f6lek s\u00f6wda ulgamy arkaly.<\/span><\/p><\/div>\n\t\t\t\t<\/div>\n\t\t\t\t\t<\/div>\n\t\t\t\t<\/div>\n\t\t\t\t<\/div>\n\t\t\t\t<div class=\"elementor-element elementor-element-1ac077e elementor-button-align-stretch elementor-widget elementor-widget-form\" data-id=\"1ac077e\" data-element_type=\"widget\" data-widget_type=\"form.default\">\n\t\t\t\t<div class=\"elementor-widget-container\">\n\t\t\t\t\t<form class=\"elementor-form\" method=\"post\" name=\"New Form\">\n\t\t\t<input type=\"hidden\" name=\"post_id\" value=\"319\"\/>\n\t\t\t<input type=\"hidden\" name=\"form_id\" value=\"1ac077e\"\/>\n\n\t\t\t\n\t\t\t<div class=\"elementor-form-fields-wrapper elementor-labels-above\">\n\t\t\t\t\t\t\t\t<div class=\"elementor-field-type-text elementor-field-group elementor-column elementor-field-group-name elementor-col-100 elementor-field-required\">\n\t\t\t\t\t<input size=\"1\" type=\"text\" name=\"form_fields[name]\" id=\"form-field-name\" class=\"elementor-field elementor-size-xl  elementor-field-textual\" placeholder=\"Ady\u0148yz\" required=\"required\" aria-required=\"true\">\t\t\t\t<\/div>\n\t\t\t\t\t\t\t\t<div class=\"elementor-field-type-email elementor-field-group elementor-column elementor-field-group-email elementor-col-100 elementor-field-required\">\n\t\t\t\t\t<input size=\"1\" type=\"email\" name=\"form_fields[email]\" id=\"form-field-email\" class=\"elementor-field elementor-size-xl  elementor-field-textual\" placeholder=\"E-mail\" required=\"required\" aria-required=\"true\">\t\t\t\t<\/div>\n\t\t\t\t\t\t\t\t<div class=\"elementor-field-type-number elementor-field-group elementor-column elementor-field-group-field_8ccb8f3 elementor-col-100 elementor-field-required\">\n\t\t\t\t\t<label for=\"form-field-field_8ccb8f3\" class=\"elementor-field-label\">Telefon belgi\u0148iz<\/label><input type=\"number\" name=\"form_fields[field_8ccb8f3]\" id=\"form-field-field_8ccb8f3\" class=\"elementor-field elementor-size-xl  elementor-field-textual\" placeholder=\"+993\" required=\"required\" aria-required=\"true\" min=\"\" max=\"\">\t\t\t\t<\/div>\n\t\t\t\t\t\t\t\t<div class=\"elementor-field-type-text elementor-field-group elementor-column elementor-field-group-field_684675a elementor-col-100 elementor-field-required\">\n\t\t\t\t\t<input size=\"1\" type=\"text\" name=\"form_fields[field_684675a]\" id=\"form-field-field_684675a\" class=\"elementor-field elementor-size-xl  elementor-field-textual\" placeholder=\"Edara\u0148 doly ady\" required=\"required\" aria-required=\"true\">\t\t\t\t<\/div>\n\t\t\t\t\t\t\t\t<div class=\"elementor-field-type-textarea elementor-field-group elementor-column elementor-field-group-message elementor-col-100\">\n\t\t\t\t\t<textarea class=\"elementor-field-textual elementor-field  elementor-size-xl\" name=\"form_fields[message]\" id=\"form-field-message\" rows=\"4\" placeholder=\"Go\u015fma\u00e7a maglumat\"><\/textarea>\t\t\t\t<\/div>\n\t\t\t\t\t\t\t\t<div class=\"elementor-field-type-upload elementor-field-group elementor-column elementor-field-group-field_fa96a9e elementor-col-100 elementor-field-required\">\n\t\t\t\t\t<input type=\"file\" name=\"form_fields[field_fa96a9e][]\" id=\"form-field-field_fa96a9e\" class=\"elementor-field elementor-size-xl  elementor-upload-field\" required=\"required\" aria-required=\"true\" multiple=\"multiple\" data-maxsize=\"128\" data-maxsize-message=\"This file exceeds the maximum allowed size.\">\t\t\t\t<\/div>\n\t\t\t\t\t\t\t\t<div class=\"elementor-field-group elementor-column elementor-field-type-submit elementor-col-100\">\n\t\t\t\t\t<button type=\"submit\" class=\"elementor-button elementor-size-sm\">\n\t\t\t\t\t\t<span >\n\t\t\t\t\t\t\t\t\t\t\t\t\t\t\t<span class=\" elementor-button-icon\">\n\t\t\t\t\t\t\t\t\t\t\t\t\t\t\t\t\t\t\t\t\t\t\t\t\t\t<\/span>\n\t\t\t\t\t\t\t\t\t\t\t\t\t\t\t\t\t\t\t\t\t\t<span class=\"elementor-button-text\">Ibermek<\/span>\n\t\t\t\t\t\t\t\t\t\t\t\t\t<\/span>\n\t\t\t\t\t<\/button>\n\t\t\t\t<\/div>\n\t\t\t<\/div>\n\t\t<\/form>\n\t\t\t\t<\/div>\n\t\t\t\t<\/div>\n\t\t\t\t\t\t<\/div>\n\t\t\t\t\t<\/div>\n\t\t<\/div>\n\t\t\t\t\t\t\t\t<\/div>\n\t\t\t\t\t<\/div>\n\t\t<\/section>\n\t\t\t\t\t\t<\/div>\n\t\t\t\t\t\t<\/div>\n\t\t\t\t\t<\/div>\n\t\t","protected":false},"excerpt":{"rendered":"<p>Ygty\u00fdarnamany almak \u00fc\u00e7in arza bermek 18-nji madda. S\u00f6wda ob\u00fdektleri tarapyndan alkogolly \u00f6n\u00fcmleri\u0148\u00a0b\u00f6lek-satuw s\u00f6wdasyna bildiril\u00fd\u00e4n talaplar \u015eulara alkogolly \u00f6n\u00fcmleri\u0148\u00a0b\u00f6lek-satuw s\u00f6wdasyny etm\u00e4ge \u00fdol berilme\u00fd\u00e4r: 1) bilim edaralaryny\u0148\u00a0(\u015fol sanda bilim edaralary\u0148\u00a0umumy \u00fda\u015fa\u00fdy\u015f\u00a0ja\u00fdlaryny\u0148) \u00e7\u00e4ginde we e\u00fde\u00e7iliginde, ygty\u00fdarlygynda we (\u00fda-da) pe\u00fddalanmagynda duran, olary\u0148\u00a0\u00e7\u00e4klerinden \u00fd\u00fcz metrden az bolan aralykdaky ja\u00fdlarda \u00fderle\u015f\u00fd\u00e4n s\u00f6wda ob\u00fdektlerine.\u00a0\u015eu bentde bellenen gadagan etme sagat on sekizden so\u0148\u00a0(mu\u0148a&hellip;&nbsp;<a href=\"https:\/\/dsgg.com.tm\/index.php\/ygtyyarnama-taze\/\" class=\"\" rel=\"bookmark\">\u041f\u043e\u0434\u0440\u043e\u0431\u043d\u0435\u0435 &raquo;<span class=\"screen-reader-text\">Ygty\u00fdarnamany almak \u00fc\u00e7in arza bermek formasy<\/span><\/a><\/p>\n","protected":false},"author":1,"featured_media":0,"parent":0,"menu_order":0,"comment_status":"closed","ping_status":"closed","template":"page-templates\/template-pagebuilder-full-width.php","meta":{"neve_meta_sidebar":"full-width","neve_meta_container":"","neve_meta_enable_content_width":"on","neve_meta_content_width":100,"neve_meta_title_alignment":"","neve_meta_author_avatar":"","neve_post_elements_order":"","neve_meta_disable_header":"","neve_meta_disable_footer":"","neve_meta_disable_title":"","footnotes":""},"_links":{"self":[{"href":"https:\/\/dsgg.com.tm\/index.php\/wp-json\/wp\/v2\/pages\/319"}],"collection":[{"href":"https:\/\/dsgg.com.tm\/index.php\/wp-json\/wp\/v2\/pages"}],"about":[{"href":"https:\/\/dsgg.com.tm\/index.php\/wp-json\/wp\/v2\/types\/page"}],"author":[{"embeddable":true,"href":"https:\/\/dsgg.com.tm\/index.php\/wp-json\/wp\/v2\/users\/1"}],"replies":[{"embeddable":true,"href":"https:\/\/dsgg.com.tm\/index.php\/wp-json\/wp\/v2\/comments?post=319"}],"version-history":[{"count":58,"href":"https:\/\/dsgg.com.tm\/index.php\/wp-json\/wp\/v2\/pages\/319\/revisions"}],"predecessor-version":[{"id":538,"href":"https:\/\/dsgg.com.tm\/index.php\/wp-json\/wp\/v2\/pages\/319\/revisions\/538"}],"wp:attachment":[{"href":"https:\/\/dsgg.com.tm\/index.php\/wp-json\/wp\/v2\/media?parent=319"}],"curies":[{"name":"wp","href":"https:\/\/api.w.org\/{rel}","templated":true}]}}