{"id":123,"date":"2020-12-15T14:29:33","date_gmt":"2020-12-15T11:29:33","guid":{"rendered":"http:\/\/216.250.13.176\/?page_id=123"},"modified":"2023-04-11T08:08:50","modified_gmt":"2023-04-11T05:08:50","slug":"sowda-obyekitlerini-dowlet-sowda-sanawyna-girizilmek-baradaky-boluminin-yerine-yetiryan-isleri-we-hyzmatlary","status":"publish","type":"page","link":"https:\/\/dsgg.com.tm\/index.php\/sowda-obyekitlerini-dowlet-sowda-sanawyna-girizilmek-baradaky-boluminin-yerine-yetiryan-isleri-we-hyzmatlary\/","title":{"rendered":"S\u00f6wda ob\u00fdekitlerini D\u00f6wlet s\u00f6wda sanawyna girizilmek baradaky b\u00f6l\u00fcmini\u0148 \u00fderine \u00fdetir\u00fd\u00e4n i\u015fleri we hyzmatlary"},"content":{"rendered":"\t\t<div data-elementor-type=\"wp-page\" data-elementor-id=\"123\" class=\"elementor elementor-123\" data-elementor-settings=\"[]\">\n\t\t\t\t\t\t<div class=\"elementor-inner\">\n\t\t\t\t\t\t\t<div class=\"elementor-section-wrap\">\n\t\t\t\t\t\t\t<section class=\"elementor-section elementor-inner-section elementor-element elementor-element-5c99826 elementor-section-boxed elementor-section-height-default elementor-section-height-default\" data-id=\"5c99826\" data-element_type=\"section\">\n\t\t\t\t\t\t<div class=\"elementor-container elementor-column-gap-default\">\n\t\t\t\t\t\t\t<div class=\"elementor-row\">\n\t\t\t\t\t<div class=\"elementor-column elementor-col-50 elementor-inner-column elementor-element elementor-element-f6dec6a\" data-id=\"f6dec6a\" data-element_type=\"column\">\n\t\t\t<div class=\"elementor-column-wrap\">\n\t\t\t\t\t\t\t<div class=\"elementor-widget-wrap\">\n\t\t\t\t\t\t\t\t<\/div>\n\t\t\t\t\t<\/div>\n\t\t<\/div>\n\t\t\t\t<div class=\"elementor-column elementor-col-50 elementor-inner-column elementor-element elementor-element-4c0b07c\" data-id=\"4c0b07c\" data-element_type=\"column\">\n\t\t\t<div class=\"elementor-column-wrap elementor-element-populated\">\n\t\t\t\t\t\t\t<div class=\"elementor-widget-wrap\">\n\t\t\t\t\t\t<div class=\"elementor-element elementor-element-ead2b17 elementor-widget elementor-widget-heading\" data-id=\"ead2b17\" data-element_type=\"widget\" data-widget_type=\"heading.default\">\n\t\t\t\t<div class=\"elementor-widget-container\">\n\t\t\t<h2 class=\"elementor-heading-title elementor-size-xl\">S\u00f6wda ob\u00fdekitlerini D\u00f6wlet s\u00f6wda sanawyna girizilmek baradaky b\u00f6l\u00fcmi <\/h2>\t\t<\/div>\n\t\t\t\t<\/div>\n\t\t\t\t<div class=\"elementor-element elementor-element-782acd1 elementor-widget elementor-widget-text-editor\" data-id=\"782acd1\" data-element_type=\"widget\" data-widget_type=\"text-editor.default\">\n\t\t\t\t<div class=\"elementor-widget-container\">\n\t\t\t\t\t<div class=\"elementor-text-editor elementor-clearfix\"><p>T\u00fcrkmenistany\u0148 S\u00f6wda we da\u015fary ykdysady aragatna\u015fyklar ministrligini\u0148 D\u00f6wlet s\u00f6wda g\u00f6zeg\u00e7iligi gullugyny\u0148 d\u00fcz\u00fcm b\u00f6legi bolup, ol \u00f6z i\u015fini T\u00fcrkmenistany\u0148 Konstitusi\u00fdasyna, T\u00fcrkmenistany\u0148 \u00e7\u00e4ginde \u00fderle\u015f\u00fd\u00e4n s\u00f6wda ob\u00fdektlerini\u0148 D\u00f6wlet s\u00f6wda sanawyny\u0148 \u00fd\u00f6redilmegini\u0148 we D\u00f6wlet s\u00f6wda sanawyndan maglumatlary\u0148 berilmegini\u0148 Tertibine, \u00abS\u00f6wda i\u015fi hakynda\u00bb T\u00fcrkmenistany\u0148 Kanunyny\u0148 21-nji maddasyna la\u00fdyklykda i\u015fleri amala a\u015fyr\u00fdar we T\u00fcrkmenistany\u0148 be\u00fdleki kadala\u015fdyryjy hukuknamalaryna hem-de Gullugy\u0148 D\u00fczg\u00fcnnamasyna la\u00fdyklykda alyp bar\u00fdar.<\/p><\/div>\n\t\t\t\t<\/div>\n\t\t\t\t<\/div>\n\t\t\t\t<div class=\"elementor-element elementor-element-4fa977b elementor-widget elementor-widget-heading\" data-id=\"4fa977b\" data-element_type=\"widget\" data-widget_type=\"heading.default\">\n\t\t\t\t<div class=\"elementor-widget-container\">\n\t\t\t<h2 class=\"elementor-heading-title elementor-size-xl\">B\u00f6l\u00fcmi\u0148 esasy maksady<\/h2>\t\t<\/div>\n\t\t\t\t<\/div>\n\t\t\t\t<div class=\"elementor-element elementor-element-38f4641 elementor-widget elementor-widget-text-editor\" data-id=\"38f4641\" data-element_type=\"widget\" data-widget_type=\"text-editor.default\">\n\t\t\t\t<div class=\"elementor-widget-container\">\n\t\t\t\t\t<div class=\"elementor-text-editor elementor-clearfix\"><p><span lang=\"TK\" style=\"font-size: 14.0pt; line-height: 115%; font-family: 'Calibri',sans-serif; mso-ascii-theme-font: minor-latin; mso-fareast-font-family: Calibri; mso-fareast-theme-font: minor-latin; mso-hansi-theme-font: minor-latin; mso-bidi-font-family: 'Times New Roman'; mso-bidi-theme-font: minor-bidi; mso-ansi-language: TK; mso-fareast-language: EN-US; mso-bidi-language: AR-SA;\">T\u00fcrkmenistany\u0148 \u00e7\u00e4ginde \u00fderle\u015f\u00fd\u00e4n s\u00f6wda ob\u00fdektlerini\u0148 D\u00f6wlet s\u00f6wda sanawyny\u0148 \u00fd\u00f6redilmegini\u0148 we D\u00f6wlet s\u00f6wda sanawyndan maglumatlary\u0148 berilmegini\u0148, T\u00fcrkmenistany\u0148 \u00e7\u00e4ginde \u00fderle\u015f\u00fd\u00e4n s\u00f6wda ob\u00fdektlerini D\u00f6wlet s\u00f6wda sanawynda hasaba almagy\u0148, olary\u0148 sanawyny\u0148 \u00fd\u00f6redilmegini\u0148 we olary sanawdan \u00e7ykarmagy\u0148, \u015fe\u00fdle-de D\u00f6wlet s\u00f6wda sanawyndan maglumatlary bermegi\u0148 tertibini d\u00fczg\u00fcnle\u015fdirmek bolup dur\u00fdar.\u00a0<\/span><\/p><\/div>\n\t\t\t\t<\/div>\n\t\t\t\t<\/div>\n\t\t\t\t<div class=\"elementor-element elementor-element-4628226 elementor-widget elementor-widget-heading\" data-id=\"4628226\" data-element_type=\"widget\" data-widget_type=\"heading.default\">\n\t\t\t\t<div class=\"elementor-widget-container\">\n\t\t\t<h2 class=\"elementor-heading-title elementor-size-xl\">B\u00f6l\u00fcmi\u0148 esasy wezipeleri<\/h2>\t\t<\/div>\n\t\t\t\t<\/div>\n\t\t\t\t<div class=\"elementor-element elementor-element-2a5d32a elementor-widget elementor-widget-text-editor\" data-id=\"2a5d32a\" data-element_type=\"widget\" data-widget_type=\"text-editor.default\">\n\t\t\t\t<div class=\"elementor-widget-container\">\n\t\t\t\t\t<div class=\"elementor-text-editor elementor-clearfix\"><ul><li>\u00ddurdumyzy\u0148 ilatyny\u0148 sarp edi\u015f harytlaryna we s\u00f6wda hyzmatlaryna bolan isleglerini doly kanagatlandyrmak;<\/li><li>D\u00f6wrebap tehnologi\u00fdalary gi\u0148den orna\u015fdyrmak arkaly s\u00f6wda hyzmatlaryny\u0148 guraly\u015fyny we \u00fderine \u00fdetirili\u015fini k\u00e4mille\u015fdirmek;<\/li><li>Ministrlik tarapyndan s\u00f6wda babatda \u00fdeke-t\u00e4k d\u00f6wlet sy\u00fdasatyny durmu\u015fa ge\u00e7irmegi\u0148 \u00e7\u00e4klerinde s\u00f6wda i\u015fini\u0148 d\u00f6wlet tarapyndan netijeli d\u00fczg\u00fcnle\u015fdirilmegini amala a\u015fyrmak;<\/li><li>T\u00fcrkmenistany\u0148 s\u00f6wda pudagyny \u00f6sd\u00fcrmegi\u0148, \u015fe\u00fdle-de \u00fdurdumyzy\u0148 sebitlerini \u00f6sd\u00fcrmegi\u0148 maksatnamalary i\u015flenip ta\u00fd\u00fdarlananda ilaty\u0148 s\u00f6wda hyzmatlary bilen \u00fcpj\u00fcn\u00e7iligi babatda hakyky maglumatlardan ugur almak;<\/li><li>Ilaty\u0148 s\u00f6wda ob\u00fdektlerini\u0148 me\u00fddany bilen \u00fcpj\u00fcn edili\u015fine baha bermek we bu babatda kadalary\u0148 berja\u00fd edilmegini gazanmak;<\/li><li>T\u00fcrkmenistany\u0148 \u00e7\u00e4ginde \u00fderle\u015f\u00fd\u00e4n s\u00f6wda ob\u00fdektlerini\u0148 d\u00f6wlet tarapyndan \u00fdeke-t\u00e4k hasabyny we maglumatlar bin\u00fdadyny, \u015fe\u00fdle hem olar hakynda maglumatlary\u0148 \u00fc\u00fdtgemegini\u0148 hasabyny \u00fd\u00f6retmek.<\/li><\/ul><\/div>\n\t\t\t\t<\/div>\n\t\t\t\t<\/div>\n\t\t\t\t\t\t<\/div>\n\t\t\t\t\t<\/div>\n\t\t<\/div>\n\t\t\t\t\t\t\t\t<\/div>\n\t\t\t\t\t<\/div>\n\t\t<\/section>\n\t\t\t\t<section class=\"elementor-section elementor-top-section elementor-element elementor-element-d3dbe53 elementor-section-boxed elementor-section-height-default elementor-section-height-default\" data-id=\"d3dbe53\" data-element_type=\"section\">\n\t\t\t\t\t\t<div class=\"elementor-container elementor-column-gap-default\">\n\t\t\t\t\t\t\t<div class=\"elementor-row\">\n\t\t\t\t\t<div class=\"elementor-column elementor-col-100 elementor-top-column elementor-element elementor-element-24278ae\" data-id=\"24278ae\" data-element_type=\"column\">\n\t\t\t<div class=\"elementor-column-wrap elementor-element-populated\">\n\t\t\t\t\t\t\t<div class=\"elementor-widget-wrap\">\n\t\t\t\t\t\t<div class=\"elementor-element elementor-element-6ebbd13 elementor-position-top elementor-vertical-align-top elementor-widget elementor-widget-image-box\" data-id=\"6ebbd13\" data-element_type=\"widget\" data-widget_type=\"image-box.default\">\n\t\t\t\t<div class=\"elementor-widget-container\">\n\t\t\t<div class=\"elementor-image-box-wrapper\"><figure class=\"elementor-image-box-img\"><img loading=\"lazy\" decoding=\"async\" width=\"833\" height=\"1195\" src=\"https:\/\/dsgg.com.tm\/wp-content\/uploads\/2020\/12\/Shadatnama.jpg\" class=\"attachment-full size-full\" alt=\"\" srcset=\"https:\/\/dsgg.com.tm\/wp-content\/uploads\/2020\/12\/Shadatnama.jpg 833w, https:\/\/dsgg.com.tm\/wp-content\/uploads\/2020\/12\/Shadatnama-209x300.jpg 209w, https:\/\/dsgg.com.tm\/wp-content\/uploads\/2020\/12\/Shadatnama-714x1024.jpg 714w, https:\/\/dsgg.com.tm\/wp-content\/uploads\/2020\/12\/Shadatnama-768x1102.jpg 768w\" sizes=\"(max-width: 833px) 100vw, 833px\" \/><\/figure><div class=\"elementor-image-box-content\"><h3 class=\"elementor-image-box-title\">\u015eAHADATNAMA<\/h3><\/div><\/div>\t\t<\/div>\n\t\t\t\t<\/div>\n\t\t\t\t\t\t<\/div>\n\t\t\t\t\t<\/div>\n\t\t<\/div>\n\t\t\t\t\t\t\t\t<\/div>\n\t\t\t\t\t<\/div>\n\t\t<\/section>\n\t\t\t\t<section class=\"elementor-section elementor-top-section elementor-element elementor-element-9e34635 elementor-section-boxed elementor-section-height-default elementor-section-height-default\" data-id=\"9e34635\" data-element_type=\"section\">\n\t\t\t\t\t\t<div class=\"elementor-container elementor-column-gap-default\">\n\t\t\t\t\t\t\t<div class=\"elementor-row\">\n\t\t\t\t\t<div class=\"elementor-column elementor-col-100 elementor-top-column elementor-element elementor-element-2fa32f7\" data-id=\"2fa32f7\" data-element_type=\"column\">\n\t\t\t<div class=\"elementor-column-wrap elementor-element-populated\">\n\t\t\t\t\t\t\t<div class=\"elementor-widget-wrap\">\n\t\t\t\t\t\t<div class=\"elementor-element elementor-element-ea731eb elementor-widget elementor-widget-heading\" data-id=\"ea731eb\" data-element_type=\"widget\" data-widget_type=\"heading.default\">\n\t\t\t\t<div class=\"elementor-widget-container\">\n\t\t\t<h3 class=\"elementor-heading-title elementor-size-default\">S\u00f6wda ob\u00fdektleri d\u00f6wlet s\u00f6wda sanawyna hasaba almak \u00fc\u00e7in gerekli resminamalar:<\/h3>\t\t<\/div>\n\t\t\t\t<\/div>\n\t\t\t\t<div class=\"elementor-element elementor-element-1b93535 elementor-widget elementor-widget-text-editor\" data-id=\"1b93535\" data-element_type=\"widget\" data-widget_type=\"text-editor.default\">\n\t\t\t\t<div class=\"elementor-widget-container\">\n\t\t\t\t\t<div class=\"elementor-text-editor elementor-clearfix\"><ol><li>Yuridik \u015fahs \u00fc\u00e7in &#8212; yuridik \u015fahslaryny\u0148 \u00fdeke &#8212; t\u00e4k d\u00f6wlet sanawyndan g\u00f6\u00e7\u00fcrmesi, \u015fahadatnamasy, tertipnamasy, onu\u0148 ynanylan wekiline berlen ynan\u00e7 haty.\u00a0<\/li><li>Fiziki \u015fahs \u00fc\u00e7in hususy teleke\u00e7i h\u00f6km\u00fcnde d\u00f6wlet tarapyndan bellige alnandygy hakynda resminamalar (patent, salgyt b\u00f6l\u00fcminin bellige aly\u015f \u015fahadatnamasy, senagat\u00e7ylar we teleke\u00e7iler birle\u015fmesinin \u015fahadatnamasyny\u0148 nusgasy ), pasportyny\u0148 \u00fda &#8212; da \u015fahsy\u00fdetini tassykla\u00fdan be\u00fdleki resminamalar.<\/li><li>Statistiki edarasyndan maglumat &#8212; haty.<\/li><li>Bankdan rekwizitleri.<\/li><li>S\u00f6wda obyektini\u0148 k\u00e4rende \u015fertnamasy, eger obyekt hususy bolsa, s\u00f6wda obyektini\u0148 tehniki t\u00fckelle\u00fdi\u015f kitaby.<\/li><\/ol><\/div>\n\t\t\t\t<\/div>\n\t\t\t\t<\/div>\n\t\t\t\t\t\t<\/div>\n\t\t\t\t\t<\/div>\n\t\t<\/div>\n\t\t\t\t\t\t\t\t<\/div>\n\t\t\t\t\t<\/div>\n\t\t<\/section>\n\t\t\t\t<section class=\"elementor-section elementor-top-section elementor-element elementor-element-c16806f elementor-section-boxed elementor-section-height-default elementor-section-height-default\" data-id=\"c16806f\" data-element_type=\"section\">\n\t\t\t\t\t\t<div class=\"elementor-container elementor-column-gap-default\">\n\t\t\t\t\t\t\t<div class=\"elementor-row\">\n\t\t\t\t\t<div class=\"elementor-column elementor-col-100 elementor-top-column elementor-element elementor-element-ff7a38b\" data-id=\"ff7a38b\" data-element_type=\"column\">\n\t\t\t<div class=\"elementor-column-wrap elementor-element-populated\">\n\t\t\t\t\t\t\t<div class=\"elementor-widget-wrap\">\n\t\t\t\t\t\t<section class=\"elementor-section elementor-inner-section elementor-element elementor-element-acc9972 elementor-section-boxed elementor-section-height-default elementor-section-height-default\" data-id=\"acc9972\" data-element_type=\"section\">\n\t\t\t\t\t\t<div class=\"elementor-container elementor-column-gap-default\">\n\t\t\t\t\t\t\t<div class=\"elementor-row\">\n\t\t\t\t\t<div class=\"elementor-column elementor-col-33 elementor-inner-column elementor-element elementor-element-eaaced7\" data-id=\"eaaced7\" data-element_type=\"column\">\n\t\t\t<div class=\"elementor-column-wrap elementor-element-populated\">\n\t\t\t\t\t\t\t<div class=\"elementor-widget-wrap\">\n\t\t\t\t\t\t<div class=\"elementor-element elementor-element-69670e5 elementor-align-center elementor-widget elementor-widget-button\" data-id=\"69670e5\" data-element_type=\"widget\" data-widget_type=\"button.default\">\n\t\t\t\t<div class=\"elementor-widget-container\">\n\t\t\t\t\t<div class=\"elementor-button-wrapper\">\n\t\t\t<a href=\"https:\/\/dsgg.com.tm\/index.php\/sahadatnamany-almak-ucin-arza-bermek\/\" class=\"elementor-button-link elementor-button elementor-size-sm\" role=\"button\">\n\t\t\t\t\t\t<span class=\"elementor-button-content-wrapper\">\n\t\t\t\t\t\t<span class=\"elementor-button-text\">\u015eahadatnamany almak \u00fc\u00e7in arza bermek<\/span>\n\t\t<\/span>\n\t\t\t\t\t<\/a>\n\t\t<\/div>\n\t\t\t\t<\/div>\n\t\t\t\t<\/div>\n\t\t\t\t\t\t<\/div>\n\t\t\t\t\t<\/div>\n\t\t<\/div>\n\t\t\t\t<div class=\"elementor-column elementor-col-33 elementor-inner-column elementor-element elementor-element-7687cbe\" data-id=\"7687cbe\" data-element_type=\"column\">\n\t\t\t<div class=\"elementor-column-wrap elementor-element-populated\">\n\t\t\t\t\t\t\t<div class=\"elementor-widget-wrap\">\n\t\t\t\t\t\t<div class=\"elementor-element elementor-element-baa11b4 elementor-align-center elementor-widget elementor-widget-button\" data-id=\"baa11b4\" data-element_type=\"widget\" data-widget_type=\"button.default\">\n\t\t\t\t<div class=\"elementor-widget-container\">\n\t\t\t\t\t<div class=\"elementor-button-wrapper\">\n\t\t\t<a href=\"https:\/\/dsgg.com.tm\/index.php\/sahadatnamany-uzaltmak-ucin-arza-bermek\/\" class=\"elementor-button-link elementor-button elementor-size-sm\" role=\"button\">\n\t\t\t\t\t\t<span class=\"elementor-button-content-wrapper\">\n\t\t\t\t\t\t<span class=\"elementor-button-text\">\u015eahadatnamany uzaltmak \u00fc\u00e7in arza bermek<\/span>\n\t\t<\/span>\n\t\t\t\t\t<\/a>\n\t\t<\/div>\n\t\t\t\t<\/div>\n\t\t\t\t<\/div>\n\t\t\t\t\t\t<\/div>\n\t\t\t\t\t<\/div>\n\t\t<\/div>\n\t\t\t\t<div class=\"elementor-column elementor-col-33 elementor-inner-column elementor-element elementor-element-9e0d0aa\" data-id=\"9e0d0aa\" data-element_type=\"column\">\n\t\t\t<div class=\"elementor-column-wrap elementor-element-populated\">\n\t\t\t\t\t\t\t<div class=\"elementor-widget-wrap\">\n\t\t\t\t\t\t<div class=\"elementor-element elementor-element-3ebaa83 elementor-align-center elementor-widget elementor-widget-button\" data-id=\"3ebaa83\" data-element_type=\"widget\" data-widget_type=\"button.default\">\n\t\t\t\t<div class=\"elementor-widget-container\">\n\t\t\t\t\t<div class=\"elementor-button-wrapper\">\n\t\t\t<a href=\"https:\/\/dsgg.com.tm\/index.php\/sahadatnamany-yatyrmak-ucin-arza-bermek\/\" class=\"elementor-button-link elementor-button elementor-size-sm\" role=\"button\">\n\t\t\t\t\t\t<span class=\"elementor-button-content-wrapper\">\n\t\t\t\t\t\t<span class=\"elementor-button-text\">\u015eahadatnamany \u00fdatyrmak \u00fc\u00e7in arza bermek<\/span>\n\t\t<\/span>\n\t\t\t\t\t<\/a>\n\t\t<\/div>\n\t\t\t\t<\/div>\n\t\t\t\t<\/div>\n\t\t\t\t\t\t<\/div>\n\t\t\t\t\t<\/div>\n\t\t<\/div>\n\t\t\t\t\t\t\t\t<\/div>\n\t\t\t\t\t<\/div>\n\t\t<\/section>\n\t\t\t\t\t\t<\/div>\n\t\t\t\t\t<\/div>\n\t\t<\/div>\n\t\t\t\t\t\t\t\t<\/div>\n\t\t\t\t\t<\/div>\n\t\t<\/section>\n\t\t\t\t\t\t<\/div>\n\t\t\t\t\t\t<\/div>\n\t\t\t\t\t<\/div>\n\t\t","protected":false},"excerpt":{"rendered":"<p>S\u00f6wda ob\u00fdekitlerini D\u00f6wlet s\u00f6wda sanawyna girizilmek baradaky b\u00f6l\u00fcmi T\u00fcrkmenistany\u0148 S\u00f6wda we da\u015fary ykdysady aragatna\u015fyklar ministrligini\u0148 D\u00f6wlet s\u00f6wda g\u00f6zeg\u00e7iligi gullugyny\u0148 d\u00fcz\u00fcm b\u00f6legi bolup, ol \u00f6z i\u015fini T\u00fcrkmenistany\u0148 Konstitusi\u00fdasyna, T\u00fcrkmenistany\u0148 \u00e7\u00e4ginde \u00fderle\u015f\u00fd\u00e4n s\u00f6wda ob\u00fdektlerini\u0148 D\u00f6wlet s\u00f6wda sanawyny\u0148 \u00fd\u00f6redilmegini\u0148 we D\u00f6wlet s\u00f6wda sanawyndan maglumatlary\u0148 berilmegini\u0148 Tertibine, \u00abS\u00f6wda i\u015fi hakynda\u00bb T\u00fcrkmenistany\u0148 Kanunyny\u0148 21-nji maddasyna la\u00fdyklykda i\u015fleri amala a\u015fyr\u00fdar we&hellip;&nbsp;<a href=\"https:\/\/dsgg.com.tm\/index.php\/sowda-obyekitlerini-dowlet-sowda-sanawyna-girizilmek-baradaky-boluminin-yerine-yetiryan-isleri-we-hyzmatlary\/\" class=\"\" rel=\"bookmark\">\u041f\u043e\u0434\u0440\u043e\u0431\u043d\u0435\u0435 &raquo;<span class=\"screen-reader-text\">S\u00f6wda ob\u00fdekitlerini D\u00f6wlet s\u00f6wda sanawyna girizilmek baradaky b\u00f6l\u00fcmini\u0148 \u00fderine \u00fdetir\u00fd\u00e4n i\u015fleri we hyzmatlary<\/span><\/a><\/p>\n","protected":false},"author":1,"featured_media":0,"parent":0,"menu_order":0,"comment_status":"closed","ping_status":"closed","template":"page-templates\/template-pagebuilder-full-width.php","meta":{"neve_meta_sidebar":"full-width","neve_meta_container":"","neve_meta_enable_content_width":"on","neve_meta_content_width":100,"neve_meta_title_alignment":"","neve_meta_author_avatar":"","neve_post_elements_order":"","neve_meta_disable_header":"","neve_meta_disable_footer":"","neve_meta_disable_title":"","footnotes":""},"_links":{"self":[{"href":"https:\/\/dsgg.com.tm\/index.php\/wp-json\/wp\/v2\/pages\/123"}],"collection":[{"href":"https:\/\/dsgg.com.tm\/index.php\/wp-json\/wp\/v2\/pages"}],"about":[{"href":"https:\/\/dsgg.com.tm\/index.php\/wp-json\/wp\/v2\/types\/page"}],"author":[{"embeddable":true,"href":"https:\/\/dsgg.com.tm\/index.php\/wp-json\/wp\/v2\/users\/1"}],"replies":[{"embeddable":true,"href":"https:\/\/dsgg.com.tm\/index.php\/wp-json\/wp\/v2\/comments?post=123"}],"version-history":[{"count":34,"href":"https:\/\/dsgg.com.tm\/index.php\/wp-json\/wp\/v2\/pages\/123\/revisions"}],"predecessor-version":[{"id":527,"href":"https:\/\/dsgg.com.tm\/index.php\/wp-json\/wp\/v2\/pages\/123\/revisions\/527"}],"wp:attachment":[{"href":"https:\/\/dsgg.com.tm\/index.php\/wp-json\/wp\/v2\/media?parent=123"}],"curies":[{"name":"wp","href":"https:\/\/api.w.org\/{rel}","templated":true}]}}