{"id":110,"date":"2019-08-09T10:34:49","date_gmt":"2019-08-09T10:34:49","guid":{"rendered":"https:\/\/demosites.io\/creative-portfolio\/?page_id=5"},"modified":"2025-03-18T15:15:26","modified_gmt":"2025-03-18T10:15:26","slug":"54dfd-creative-portfolio-home","status":"publish","type":"page","link":"https:\/\/dsgg.com.tm\/","title":{"rendered":"Home"},"content":{"rendered":"\t\t<div data-elementor-type=\"wp-post\" data-elementor-id=\"110\" class=\"elementor elementor-110\" data-elementor-settings=\"[]\">\n\t\t\t\t\t\t<div class=\"elementor-inner\">\n\t\t\t\t\t\t\t<div class=\"elementor-section-wrap\">\n\t\t\t\t\t\t\t<section class=\"elementor-section elementor-top-section elementor-element elementor-element-572619b elementor-section-boxed elementor-section-height-default elementor-section-height-default\" data-id=\"572619b\" data-element_type=\"section\" data-settings=\"{&quot;background_background&quot;:&quot;classic&quot;}\">\n\t\t\t\t\t\t\t<div class=\"elementor-background-overlay\"><\/div>\n\t\t\t\t\t\t\t<div class=\"elementor-container elementor-column-gap-default\">\n\t\t\t\t\t\t\t<div class=\"elementor-row\">\n\t\t\t\t\t<div class=\"elementor-column elementor-col-100 elementor-top-column elementor-element elementor-element-445f31d\" data-id=\"445f31d\" data-element_type=\"column\">\n\t\t\t<div class=\"elementor-column-wrap elementor-element-populated\">\n\t\t\t\t\t\t\t<div class=\"elementor-widget-wrap\">\n\t\t\t\t\t\t<div class=\"elementor-element elementor-element-6759dd4 elementor-invisible elementor-widget elementor-widget-heading\" data-id=\"6759dd4\" data-element_type=\"widget\" data-settings=\"{&quot;_animation&quot;:&quot;fadeInUp&quot;}\" data-widget_type=\"heading.default\">\n\t\t\t\t<div class=\"elementor-widget-container\">\n\t\t\t<h1 class=\"elementor-heading-title elementor-size-large\">T\u00fcrkmenistany\u0148 s\u00f6wda we da\u015fary ykdysady aragatna\u015fyklar ministirligini\u0148\n<\/h1>\t\t<\/div>\n\t\t\t\t<\/div>\n\t\t\t\t<div class=\"elementor-element elementor-element-14620ff elementor-invisible elementor-widget elementor-widget-heading\" data-id=\"14620ff\" data-element_type=\"widget\" data-settings=\"{&quot;_animation&quot;:&quot;fadeInDown&quot;}\" data-widget_type=\"heading.default\">\n\t\t\t\t<div class=\"elementor-widget-container\">\n\t\t\t<h2 class=\"elementor-heading-title elementor-size-xl\">D\u00d6WLET S\u00d6WDA G\u00d6ZEG\u00c7ILIGI GULLUGY<\/h2>\t\t<\/div>\n\t\t\t\t<\/div>\n\t\t\t\t<section class=\"elementor-section elementor-inner-section elementor-element elementor-element-98ce451 elementor-section-boxed elementor-section-height-default elementor-section-height-default\" data-id=\"98ce451\" data-element_type=\"section\">\n\t\t\t\t\t\t<div class=\"elementor-container elementor-column-gap-default\">\n\t\t\t\t\t\t\t<div class=\"elementor-row\">\n\t\t\t\t\t<div class=\"elementor-column elementor-col-50 elementor-inner-column elementor-element elementor-element-fc943a4\" data-id=\"fc943a4\" data-element_type=\"column\">\n\t\t\t<div class=\"elementor-column-wrap elementor-element-populated\">\n\t\t\t\t\t\t\t<div class=\"elementor-widget-wrap\">\n\t\t\t\t\t\t<div class=\"elementor-element elementor-element-adc1369 elementor-align-left elementor-mobile-align-justify animated-slow elementor-invisible elementor-widget elementor-widget-button\" data-id=\"adc1369\" data-element_type=\"widget\" data-settings=\"{&quot;_animation&quot;:&quot;fadeIn&quot;}\" data-widget_type=\"button.default\">\n\t\t\t\t<div class=\"elementor-widget-container\">\n\t\t\t\t\t<div class=\"elementor-button-wrapper\">\n\t\t\t<a href=\"https:\/\/dsgg.com.tm\/index.php\/ygtyyarlandyrmak-boluminin-yerine-yetiryan-isleri-we-hyzmatlary\/\" class=\"elementor-button-link elementor-button elementor-size-md\" role=\"button\">\n\t\t\t\t\t\t<span class=\"elementor-button-content-wrapper\">\n\t\t\t\t\t\t<span class=\"elementor-button-text\">Biz barada<\/span>\n\t\t<\/span>\n\t\t\t\t\t<\/a>\n\t\t<\/div>\n\t\t\t\t<\/div>\n\t\t\t\t<\/div>\n\t\t\t\t\t\t<\/div>\n\t\t\t\t\t<\/div>\n\t\t<\/div>\n\t\t\t\t<div class=\"elementor-column elementor-col-50 elementor-inner-column elementor-element elementor-element-8eb9d6a\" data-id=\"8eb9d6a\" data-element_type=\"column\">\n\t\t\t<div class=\"elementor-column-wrap\">\n\t\t\t\t\t\t\t<div class=\"elementor-widget-wrap\">\n\t\t\t\t\t\t\t\t<\/div>\n\t\t\t\t\t<\/div>\n\t\t<\/div>\n\t\t\t\t\t\t\t\t<\/div>\n\t\t\t\t\t<\/div>\n\t\t<\/section>\n\t\t\t\t\t\t<\/div>\n\t\t\t\t\t<\/div>\n\t\t<\/div>\n\t\t\t\t\t\t\t\t<\/div>\n\t\t\t\t\t<\/div>\n\t\t<\/section>\n\t\t\t\t<section class=\"elementor-section elementor-top-section elementor-element elementor-element-b6802b6 animated-slow elementor-section-boxed elementor-section-height-default elementor-section-height-default elementor-invisible\" data-id=\"b6802b6\" data-element_type=\"section\" data-settings=\"{&quot;animation&quot;:&quot;fadeInDown&quot;}\">\n\t\t\t\t\t\t<div class=\"elementor-container elementor-column-gap-default\">\n\t\t\t\t\t\t\t<div class=\"elementor-row\">\n\t\t\t\t\t<div class=\"elementor-column elementor-col-33 elementor-top-column elementor-element elementor-element-6015245\" data-id=\"6015245\" data-element_type=\"column\">\n\t\t\t<div class=\"elementor-column-wrap elementor-element-populated\">\n\t\t\t\t\t\t\t<div class=\"elementor-widget-wrap\">\n\t\t\t\t\t\t<div class=\"elementor-element elementor-element-fb44760 elementor-view-framed elementor-position-left animated-slow elementor-shape-circle elementor-vertical-align-top elementor-invisible elementor-widget elementor-widget-icon-box\" data-id=\"fb44760\" data-element_type=\"widget\" data-settings=\"{&quot;_animation&quot;:&quot;fadeInRight&quot;}\" data-widget_type=\"icon-box.default\">\n\t\t\t\t<div class=\"elementor-widget-container\">\n\t\t\t\t\t<div class=\"elementor-icon-box-wrapper\">\n\t\t\t\t\t\t<div class=\"elementor-icon-box-icon\">\n\t\t\t\t<a class=\"elementor-icon elementor-animation-\" href=\"https:\/\/dsgg.com.tm\/index.php\/ygtyyarlandyrmak-boluminin-yerine-yetiryan-isleri-we-hyzmatlary\/\">\n\t\t\t\t<i aria-hidden=\"true\" class=\"far fa-file\"><\/i>\t\t\t\t<\/a>\n\t\t\t<\/div>\n\t\t\t\t\t\t<div class=\"elementor-icon-box-content\">\n\t\t\t\t<h3 class=\"elementor-icon-box-title\">\n\t\t\t\t\t<a href=\"https:\/\/dsgg.com.tm\/index.php\/ygtyyarlandyrmak-boluminin-yerine-yetiryan-isleri-we-hyzmatlary\/\">Ygty\u00fdarlandyrmak b\u00f6l\u00fcmi\u200b<\/a>\n\t\t\t\t<\/h3>\n\t\t\t\t\t\t\t<\/div>\n\t\t<\/div>\n\t\t\t\t<\/div>\n\t\t\t\t<\/div>\n\t\t\t\t\t\t<\/div>\n\t\t\t\t\t<\/div>\n\t\t<\/div>\n\t\t\t\t<div class=\"elementor-column elementor-col-33 elementor-top-column elementor-element elementor-element-a7f660e\" data-id=\"a7f660e\" data-element_type=\"column\">\n\t\t\t<div class=\"elementor-column-wrap elementor-element-populated\">\n\t\t\t\t\t\t\t<div class=\"elementor-widget-wrap\">\n\t\t\t\t\t\t<div class=\"elementor-element elementor-element-dfbab39 elementor-view-framed elementor-position-left animated-slow elementor-shape-circle elementor-vertical-align-top elementor-invisible elementor-widget elementor-widget-icon-box\" data-id=\"dfbab39\" data-element_type=\"widget\" data-settings=\"{&quot;_animation&quot;:&quot;fadeIn&quot;}\" data-widget_type=\"icon-box.default\">\n\t\t\t\t<div class=\"elementor-widget-container\">\n\t\t\t\t\t<div class=\"elementor-icon-box-wrapper\">\n\t\t\t\t\t\t<div class=\"elementor-icon-box-icon\">\n\t\t\t\t<a class=\"elementor-icon elementor-animation-\" href=\"https:\/\/dsgg.com.tm\/index.php\/sowda-obyekitlerini-dowlet-sowda-sanawyna-girizilmek-baradaky-boluminin-yerine-yetiryan-isleri-we-hyzmatlary\/\">\n\t\t\t\t<i aria-hidden=\"true\" class=\"fas fa-file-alt\"><\/i>\t\t\t\t<\/a>\n\t\t\t<\/div>\n\t\t\t\t\t\t<div class=\"elementor-icon-box-content\">\n\t\t\t\t<h3 class=\"elementor-icon-box-title\">\n\t\t\t\t\t<a href=\"https:\/\/dsgg.com.tm\/index.php\/sowda-obyekitlerini-dowlet-sowda-sanawyna-girizilmek-baradaky-boluminin-yerine-yetiryan-isleri-we-hyzmatlary\/\">\u015eahadatnama \u00fc\u00e7in arza bermek<\/a>\n\t\t\t\t<\/h3>\n\t\t\t\t\t\t\t<\/div>\n\t\t<\/div>\n\t\t\t\t<\/div>\n\t\t\t\t<\/div>\n\t\t\t\t\t\t<\/div>\n\t\t\t\t\t<\/div>\n\t\t<\/div>\n\t\t\t\t<div class=\"elementor-column elementor-col-33 elementor-top-column elementor-element elementor-element-da47f66\" data-id=\"da47f66\" data-element_type=\"column\">\n\t\t\t<div class=\"elementor-column-wrap elementor-element-populated\">\n\t\t\t\t\t\t\t<div class=\"elementor-widget-wrap\">\n\t\t\t\t\t\t<div class=\"elementor-element elementor-element-b0d30e9 elementor-view-framed elementor-position-left animated-slow elementor-shape-circle elementor-vertical-align-top elementor-invisible elementor-widget elementor-widget-icon-box\" data-id=\"b0d30e9\" data-element_type=\"widget\" data-settings=\"{&quot;_animation&quot;:&quot;fadeInLeft&quot;}\" data-widget_type=\"icon-box.default\">\n\t\t\t\t<div class=\"elementor-widget-container\">\n\t\t\t\t\t<div class=\"elementor-icon-box-wrapper\">\n\t\t\t\t\t\t<div class=\"elementor-icon-box-icon\">\n\t\t\t\t<a class=\"elementor-icon elementor-animation-\" href=\"#shikayat\">\n\t\t\t\t<i aria-hidden=\"true\" class=\"fas fa-clipboard-check\"><\/i>\t\t\t\t<\/a>\n\t\t\t<\/div>\n\t\t\t\t\t\t<div class=\"elementor-icon-box-content\">\n\t\t\t\t<h3 class=\"elementor-icon-box-title\">\n\t\t\t\t\t<a href=\"#shikayat\">Sowda nokadlaryna \u015fika\u00fdat arzasyny bermek<\/a>\n\t\t\t\t<\/h3>\n\t\t\t\t\t\t\t<\/div>\n\t\t<\/div>\n\t\t\t\t<\/div>\n\t\t\t\t<\/div>\n\t\t\t\t\t\t<\/div>\n\t\t\t\t\t<\/div>\n\t\t<\/div>\n\t\t\t\t\t\t\t\t<\/div>\n\t\t\t\t\t<\/div>\n\t\t<\/section>\n\t\t\t\t<section class=\"elementor-section elementor-top-section elementor-element elementor-element-48df9bf elementor-section-boxed elementor-section-height-default elementor-section-height-default\" data-id=\"48df9bf\" data-element_type=\"section\" data-settings=\"{&quot;background_background&quot;:&quot;classic&quot;}\">\n\t\t\t\t\t\t<div class=\"elementor-container elementor-column-gap-default\">\n\t\t\t\t\t\t\t<div class=\"elementor-row\">\n\t\t\t\t\t<div class=\"elementor-column elementor-col-100 elementor-top-column elementor-element elementor-element-33f9191\" data-id=\"33f9191\" data-element_type=\"column\">\n\t\t\t<div class=\"elementor-column-wrap elementor-element-populated\">\n\t\t\t\t\t\t\t<div class=\"elementor-widget-wrap\">\n\t\t\t\t\t\t<section class=\"elementor-section elementor-inner-section elementor-element elementor-element-4f117a6 elementor-section-boxed elementor-section-height-default elementor-section-height-default\" data-id=\"4f117a6\" data-element_type=\"section\">\n\t\t\t\t\t\t<div class=\"elementor-container elementor-column-gap-default\">\n\t\t\t\t\t\t\t<div class=\"elementor-row\">\n\t\t\t\t\t<div class=\"elementor-column elementor-col-50 elementor-inner-column elementor-element elementor-element-d639004\" data-id=\"d639004\" data-element_type=\"column\">\n\t\t\t<div class=\"elementor-column-wrap elementor-element-populated\">\n\t\t\t\t\t\t\t<div class=\"elementor-widget-wrap\">\n\t\t\t\t\t\t<div class=\"elementor-element elementor-element-5f3aeec elementor-widget elementor-widget-heading\" data-id=\"5f3aeec\" data-element_type=\"widget\" data-widget_type=\"heading.default\">\n\t\t\t\t<div class=\"elementor-widget-container\">\n\t\t\t<span class=\"elementor-heading-title elementor-size-default\">Biz barada<\/span>\t\t<\/div>\n\t\t\t\t<\/div>\n\t\t\t\t<div class=\"elementor-element elementor-element-50d9b1d animated-slow elementor-invisible elementor-widget elementor-widget-heading\" data-id=\"50d9b1d\" data-element_type=\"widget\" data-settings=\"{&quot;_animation&quot;:&quot;fadeIn&quot;}\" data-widget_type=\"heading.default\">\n\t\t\t\t<div class=\"elementor-widget-container\">\n\t\t\t<h2 class=\"elementor-heading-title elementor-size-xl\">S\u00f6wda ob\u00fdekitlerini D\u00f6wlet s\u00f6wda sanawyna girizilmek baradaky b\u00f6l\u00fcmi <\/h2>\t\t<\/div>\n\t\t\t\t<\/div>\n\t\t\t\t<div class=\"elementor-element elementor-element-a526135 animated-slow elementor-invisible elementor-widget elementor-widget-text-editor\" data-id=\"a526135\" data-element_type=\"widget\" data-settings=\"{&quot;_animation&quot;:&quot;fadeInDown&quot;}\" data-widget_type=\"text-editor.default\">\n\t\t\t\t<div class=\"elementor-widget-container\">\n\t\t\t\t\t<div class=\"elementor-text-editor elementor-clearfix\"><p>T\u00fcrkmenistany\u0148 S\u00f6wda we da\u015fary ykdysady aragatna\u015fyklar ministrligini\u0148 D\u00f6wlet s\u00f6wda g\u00f6zeg\u00e7iligi gullugyny\u0148 d\u00fcz\u00fcm b\u00f6legi bolup, ol \u00f6z i\u015fini T\u00fcrkmenistany\u0148 Konstitusi\u00fdasyna, T\u00fcrkmenistany\u0148 \u00e7\u00e4ginde \u00fderle\u015f\u00fd\u00e4n s\u00f6wda ob\u00fdektlerini\u0148 D\u00f6wlet s\u00f6wda sanawyny\u0148 \u00fd\u00f6redilmegini\u0148 we D\u00f6wlet s\u00f6wda sanawyndan maglumatlary\u0148 berilmegini\u0148 Tertibine, \u00abS\u00f6wda i\u015fi hakynda\u00bb T\u00fcrkmenistany\u0148 Kanunyny\u0148 21-nji maddasyna la\u00fdyklykda i\u015fleri amala a\u015fyr\u00fdar we T\u00fcrkmenistany\u0148 be\u00fdleki kadala\u015fdyryjy hukuknamalaryna hem-de Gullugy\u0148 D\u00fczg\u00fcnnamasyna la\u00fdyklykda alyp bar\u00fdar.<\/p><\/div>\n\t\t\t\t<\/div>\n\t\t\t\t<\/div>\n\t\t\t\t\t\t<\/div>\n\t\t\t\t\t<\/div>\n\t\t<\/div>\n\t\t\t\t<div class=\"elementor-column elementor-col-50 elementor-inner-column elementor-element elementor-element-e1f8ad4\" data-id=\"e1f8ad4\" data-element_type=\"column\">\n\t\t\t<div class=\"elementor-column-wrap elementor-element-populated\">\n\t\t\t\t\t\t\t<div class=\"elementor-widget-wrap\">\n\t\t\t\t\t\t<div class=\"elementor-element elementor-element-23359d4 elementor-widget elementor-widget-image\" data-id=\"23359d4\" data-element_type=\"widget\" data-widget_type=\"image.default\">\n\t\t\t\t<div class=\"elementor-widget-container\">\n\t\t\t\t\t<div class=\"elementor-image\">\n\t\t\t\t\t\t\t\t\t\t<img loading=\"lazy\" decoding=\"async\" width=\"212\" height=\"300\" src=\"https:\/\/dsgg.com.tm\/wp-content\/uploads\/2020\/12\/Ygtyyarnama-212x300.jpg\" class=\"attachment-medium size-medium\" alt=\"\" srcset=\"https:\/\/dsgg.com.tm\/wp-content\/uploads\/2020\/12\/Ygtyyarnama-212x300.jpg 212w, https:\/\/dsgg.com.tm\/wp-content\/uploads\/2020\/12\/Ygtyyarnama-724x1024.jpg 724w, https:\/\/dsgg.com.tm\/wp-content\/uploads\/2020\/12\/Ygtyyarnama-768x1086.jpg 768w, https:\/\/dsgg.com.tm\/wp-content\/uploads\/2020\/12\/Ygtyyarnama-1086x1536.jpg 1086w, https:\/\/dsgg.com.tm\/wp-content\/uploads\/2020\/12\/Ygtyyarnama.jpg 1242w\" sizes=\"(max-width: 212px) 100vw, 212px\" \/>\t\t\t\t\t\t\t\t\t\t\t<\/div>\n\t\t\t\t<\/div>\n\t\t\t\t<\/div>\n\t\t\t\t\t\t<\/div>\n\t\t\t\t\t<\/div>\n\t\t<\/div>\n\t\t\t\t\t\t\t\t<\/div>\n\t\t\t\t\t<\/div>\n\t\t<\/section>\n\t\t\t\t<section class=\"elementor-section elementor-inner-section elementor-element elementor-element-d09824a elementor-section-boxed elementor-section-height-default elementor-section-height-default\" data-id=\"d09824a\" data-element_type=\"section\">\n\t\t\t\t\t\t<div class=\"elementor-container elementor-column-gap-default\">\n\t\t\t\t\t\t\t<div class=\"elementor-row\">\n\t\t\t\t\t<div class=\"elementor-column elementor-col-50 elementor-inner-column elementor-element elementor-element-5344d87 animated-slow elementor-invisible\" data-id=\"5344d87\" data-element_type=\"column\" data-settings=\"{&quot;animation&quot;:&quot;fadeInRight&quot;}\">\n\t\t\t<div class=\"elementor-column-wrap elementor-element-populated\">\n\t\t\t\t\t\t\t<div class=\"elementor-widget-wrap\">\n\t\t\t\t\t\t<div class=\"elementor-element elementor-element-f7e46bc elementor-widget elementor-widget-image\" data-id=\"f7e46bc\" data-element_type=\"widget\" data-widget_type=\"image.default\">\n\t\t\t\t<div class=\"elementor-widget-container\">\n\t\t\t\t\t<div class=\"elementor-image\">\n\t\t\t\t\t\t\t\t\t\t<img loading=\"lazy\" decoding=\"async\" width=\"209\" height=\"300\" src=\"https:\/\/dsgg.com.tm\/wp-content\/uploads\/2020\/12\/Shadatnama-209x300.jpg\" class=\"attachment-medium size-medium\" alt=\"\" srcset=\"https:\/\/dsgg.com.tm\/wp-content\/uploads\/2020\/12\/Shadatnama-209x300.jpg 209w, https:\/\/dsgg.com.tm\/wp-content\/uploads\/2020\/12\/Shadatnama-714x1024.jpg 714w, https:\/\/dsgg.com.tm\/wp-content\/uploads\/2020\/12\/Shadatnama-768x1102.jpg 768w, https:\/\/dsgg.com.tm\/wp-content\/uploads\/2020\/12\/Shadatnama.jpg 833w\" sizes=\"(max-width: 209px) 100vw, 209px\" \/>\t\t\t\t\t\t\t\t\t\t\t<\/div>\n\t\t\t\t<\/div>\n\t\t\t\t<\/div>\n\t\t\t\t\t\t<\/div>\n\t\t\t\t\t<\/div>\n\t\t<\/div>\n\t\t\t\t<div class=\"elementor-column elementor-col-50 elementor-inner-column elementor-element elementor-element-35fa448 animated-slow elementor-invisible\" data-id=\"35fa448\" data-element_type=\"column\" data-settings=\"{&quot;animation&quot;:&quot;fadeInLeft&quot;}\">\n\t\t\t<div class=\"elementor-column-wrap elementor-element-populated\">\n\t\t\t\t\t\t\t<div class=\"elementor-widget-wrap\">\n\t\t\t\t\t\t<div class=\"elementor-element elementor-element-755f66f animated-slow elementor-invisible elementor-widget elementor-widget-heading\" data-id=\"755f66f\" data-element_type=\"widget\" data-settings=\"{&quot;_animation&quot;:&quot;fadeIn&quot;}\" data-widget_type=\"heading.default\">\n\t\t\t\t<div class=\"elementor-widget-container\">\n\t\t\t<h2 class=\"elementor-heading-title elementor-size-xl\">Ygty\u00fdarlandyrmak b\u00f6l\u00fcmi<\/h2>\t\t<\/div>\n\t\t\t\t<\/div>\n\t\t\t\t<div class=\"elementor-element elementor-element-ca53259 animated-slow elementor-invisible elementor-widget elementor-widget-text-editor\" data-id=\"ca53259\" data-element_type=\"widget\" data-settings=\"{&quot;_animation&quot;:&quot;fadeInDown&quot;}\" data-widget_type=\"text-editor.default\">\n\t\t\t\t<div class=\"elementor-widget-container\">\n\t\t\t\t\t<div class=\"elementor-text-editor elementor-clearfix\"><div class=\"elementor-element elementor-element-537281f elementor-widget elementor-widget-text-editor\" data-id=\"537281f\" data-element_type=\"widget\" data-widget_type=\"text-editor.default\"><div class=\"elementor-widget-container\"><div class=\"elementor-text-editor elementor-clearfix\"><p>T\u00fcrkmenistany\u0148 S\u00f6wda we da\u015fary ykdysady aragatna\u015fyklar ministrligini\u0148 D\u00f6wlet s\u00f6wda g\u00f6zeg\u00e7iligi gullugyny\u0148 d\u00fcz\u00fcm b\u00f6legi bolup, ol \u00f6z i\u015fini T\u00fcrkmenistany\u0148 Konstitusi\u00fdasyna, \u201cI\u015fi\u0148 a\u00fdry-a\u00fdry g\u00f6rn\u00fc\u015flerini ygty\u00fdarlylandyrmak hakynda\u201d T\u00fcrkmenistany\u0148 Kanunyna, \u201cAlkogolly we temm\u00e4ki \u00f6n\u00fcmlerini getirmek, \u00fderlemek we temm\u00e4ki \u00f6n\u00fcmlerini \u00f6nd\u00fcrmek babatynda \u00a0i\u015fi\u00a0 ygty\u00fdarlylandyrmak hakynda\u201d D\u00fczg\u00fcnnama we T\u00fcrkmenistany\u0148 be\u00fdleki kadala\u015fdyryjy hukuknamalaryna hem-de Gullugy\u0148 D\u00fczg\u00fcnnamasyna la\u00fdyklykda alyp bar\u00fdar.<\/p><\/div><\/div><\/div><div class=\"elementor-element elementor-element-dced113 elementor-widget elementor-widget-heading\" data-id=\"dced113\" data-element_type=\"widget\" data-widget_type=\"heading.default\"><div class=\"elementor-widget-container\">\u00a0<\/div><\/div><\/div>\n\t\t\t\t<\/div>\n\t\t\t\t<\/div>\n\t\t\t\t\t\t<\/div>\n\t\t\t\t\t<\/div>\n\t\t<\/div>\n\t\t\t\t\t\t\t\t<\/div>\n\t\t\t\t\t<\/div>\n\t\t<\/section>\n\t\t\t\t\t\t<\/div>\n\t\t\t\t\t<\/div>\n\t\t<\/div>\n\t\t\t\t\t\t\t\t<\/div>\n\t\t\t\t\t<\/div>\n\t\t<\/section>\n\t\t\t\t<section class=\"elementor-section elementor-top-section elementor-element elementor-element-0942941 elementor-section-boxed elementor-section-height-default elementor-section-height-default\" data-id=\"0942941\" data-element_type=\"section\" data-settings=\"{&quot;background_background&quot;:&quot;classic&quot;}\">\n\t\t\t\t\t\t<div class=\"elementor-container elementor-column-gap-default\">\n\t\t\t\t\t\t\t<div class=\"elementor-row\">\n\t\t\t\t\t<div class=\"elementor-column elementor-col-100 elementor-top-column elementor-element elementor-element-d4fe786 animated-slow elementor-invisible\" data-id=\"d4fe786\" data-element_type=\"column\" data-settings=\"{&quot;animation&quot;:&quot;zoomIn&quot;}\">\n\t\t\t<div class=\"elementor-column-wrap elementor-element-populated\">\n\t\t\t\t\t\t\t<div class=\"elementor-widget-wrap\">\n\t\t\t\t\t\t<div class=\"elementor-element elementor-element-709192e elementor-widget elementor-widget-menu-anchor\" data-id=\"709192e\" data-element_type=\"widget\" data-widget_type=\"menu-anchor.default\">\n\t\t\t\t<div class=\"elementor-widget-container\">\n\t\t\t\t\t<div id=\"shikayat\" class=\"elementor-menu-anchor\"><\/div>\n\t\t\t\t<\/div>\n\t\t\t\t<\/div>\n\t\t\t\t<div class=\"elementor-element elementor-element-d9e7acb elementor-widget elementor-widget-heading\" data-id=\"d9e7acb\" data-element_type=\"widget\" data-widget_type=\"heading.default\">\n\t\t\t\t<div class=\"elementor-widget-container\">\n\t\t\t<h2 class=\"elementor-heading-title elementor-size-default\">Sowda nokadlaryna \u015fika\u00fdat arzasyny bermek<\/h2>\t\t<\/div>\n\t\t\t\t<\/div>\n\t\t\t\t<div class=\"elementor-element elementor-element-b962a7f elementor-widget elementor-widget-content_form_contact\" data-id=\"b962a7f\" data-element_type=\"widget\" data-widget_type=\"content_form_contact.default\">\n\t\t\t\t<div class=\"elementor-widget-container\">\n\t\t\t<form action=\"https:\/\/dsgg.com.tm\/wp-admin\/admin-post.php\" method=\"post\" name=\"content-form-b962a7f\" id=\"content-form-b962a7f\" class=\"ti-cf-module content-form content-form-contact content_form_contact\"><input type=\"hidden\" id=\"_wpnonce_contact\" name=\"_wpnonce_contact\" value=\"7c3a5194ca\" \/><input type=\"hidden\" name=\"_wp_http_referer\" value=\"\/index.php\/wp-json\/wp\/v2\/pages\/110\" \/><input type=\"hidden\" name=\"action\" value=\"content_form_submit\" \/><input type=\"hidden\" name=\"form-type\" value=\"contact\" \/><input type=\"hidden\" name=\"form-builder\" value=\"elementor\" \/><input type=\"hidden\" name=\"post-id\" value=\"110\" \/><input type=\"hidden\" name=\"form-id\" value=\"b962a7f\" \/><fieldset class=\"content-form-field-text elementor-column elementor-col-100\"><label for=\"data[b962a7f][name]\" >Ady we famili\u00fdasy<span class=\"required-mark\"> *<\/span><\/label><input type=\"text\" name=\"data[b962a7f][name]\" id=\"data[b962a7f][name]\" required=\"required\"  placeholder=\"Ady we famili\u00fdasy\"><\/fieldset><fieldset class=\"content-form-field-email elementor-column elementor-col-100\"><label for=\"data[b962a7f][email]\" >Email<span class=\"required-mark\"> *<\/span><\/label><input type=\"text\" name=\"data[b962a7f][email]\" id=\"data[b962a7f][email]\" required=\"required\"  placeholder=\"Email\"><\/fieldset><fieldset class=\"content-form-field-number elementor-column elementor-col-100\"><label for=\"data[b962a7f][phone]\" >Tel<\/label><input type=\"text\" name=\"data[b962a7f][phone]\" id=\"data[b962a7f][phone]\"   placeholder=\"+993 \"><\/fieldset><fieldset class=\"content-form-field-textarea elementor-column elementor-col-100\"><label for=\"data[b962a7f][message]\" >Habar bermek<span class=\"required-mark\"> *<\/span><\/label><textarea name=\"data[b962a7f][message]\" id=\"data[b962a7f][message]\"  required=\"required\" placeholder=\"D\u00fckany\u0148 ady, salgysy, \u00fd\u00fcze \u00e7ykan bellik\" cols=\"30\" rows=\"5\"><\/textarea><\/fieldset><fieldset class=\"submit-form contact\"><button type=\"submit\" name=\"submit\"  value=\"submit-contact-b962a7f\" class=\"\">Ugratmak<\/button><\/fieldset><\/form>\t\t<\/div>\n\t\t\t\t<\/div>\n\t\t\t\t\t\t<\/div>\n\t\t\t\t\t<\/div>\n\t\t<\/div>\n\t\t\t\t\t\t\t\t<\/div>\n\t\t\t\t\t<\/div>\n\t\t<\/section>\n\t\t\t\t<section class=\"elementor-section elementor-top-section elementor-element elementor-element-017cc71 elementor-section-boxed elementor-section-height-default elementor-section-height-default\" data-id=\"017cc71\" data-element_type=\"section\">\n\t\t\t\t\t\t<div class=\"elementor-container elementor-column-gap-default\">\n\t\t\t\t\t\t\t<div class=\"elementor-row\">\n\t\t\t\t\t\t\t\t\t<\/div>\n\t\t\t\t\t<\/div>\n\t\t<\/section>\n\t\t\t\t\t\t<\/div>\n\t\t\t\t\t\t<\/div>\n\t\t\t\t\t<\/div>\n\t\t","protected":false},"excerpt":{"rendered":"<p>T\u00fcrkmenistany\u0148 s\u00f6wda we da\u015fary ykdysady aragatna\u015fyklar ministirligini\u0148 D\u00d6WLET S\u00d6WDA G\u00d6ZEG\u00c7ILIGI GULLUGY Biz barada Ygty\u00fdarlandyrmak b\u00f6l\u00fcmi\u200b \u015eahadatnama \u00fc\u00e7in arza bermek Sowda nokadlaryna \u015fika\u00fdat arzasyny bermek Biz barada S\u00f6wda ob\u00fdekitlerini D\u00f6wlet s\u00f6wda sanawyna girizilmek baradaky b\u00f6l\u00fcmi T\u00fcrkmenistany\u0148 S\u00f6wda we da\u015fary ykdysady aragatna\u015fyklar ministrligini\u0148 D\u00f6wlet s\u00f6wda g\u00f6zeg\u00e7iligi gullugyny\u0148 d\u00fcz\u00fcm b\u00f6legi bolup, ol \u00f6z i\u015fini T\u00fcrkmenistany\u0148 Konstitusi\u00fdasyna, T\u00fcrkmenistany\u0148 \u00e7\u00e4ginde&hellip;&nbsp;<a href=\"https:\/\/dsgg.com.tm\/\" class=\"\" rel=\"bookmark\">\u041f\u043e\u0434\u0440\u043e\u0431\u043d\u0435\u0435 &raquo;<span class=\"screen-reader-text\">Home<\/span><\/a><\/p>\n","protected":false},"author":1,"featured_media":0,"parent":0,"menu_order":0,"comment_status":"closed","ping_status":"closed","template":"elementor_header_footer","meta":{"neve_meta_sidebar":"","neve_meta_container":"","neve_meta_enable_content_width":"off","neve_meta_content_width":0,"neve_meta_title_alignment":"","neve_meta_author_avatar":"","neve_post_elements_order":"","neve_meta_disable_header":"","neve_meta_disable_footer":"","neve_meta_disable_title":"","footnotes":""},"_links":{"self":[{"href":"https:\/\/dsgg.com.tm\/index.php\/wp-json\/wp\/v2\/pages\/110"}],"collection":[{"href":"https:\/\/dsgg.com.tm\/index.php\/wp-json\/wp\/v2\/pages"}],"about":[{"href":"https:\/\/dsgg.com.tm\/index.php\/wp-json\/wp\/v2\/types\/page"}],"author":[{"embeddable":true,"href":"https:\/\/dsgg.com.tm\/index.php\/wp-json\/wp\/v2\/users\/1"}],"replies":[{"embeddable":true,"href":"https:\/\/dsgg.com.tm\/index.php\/wp-json\/wp\/v2\/comments?post=110"}],"version-history":[{"count":147,"href":"https:\/\/dsgg.com.tm\/index.php\/wp-json\/wp\/v2\/pages\/110\/revisions"}],"predecessor-version":[{"id":609,"href":"https:\/\/dsgg.com.tm\/index.php\/wp-json\/wp\/v2\/pages\/110\/revisions\/609"}],"wp:attachment":[{"href":"https:\/\/dsgg.com.tm\/index.php\/wp-json\/wp\/v2\/media?parent=110"}],"curies":[{"name":"wp","href":"https:\/\/api.w.org\/{rel}","templated":true}]}}